{"id":10,"date":"2023-06-27T08:35:00","date_gmt":"2023-06-27T06:35:00","guid":{"rendered":"http:\/\/filmlook.pl\/?page_id=10"},"modified":"2024-05-04T09:09:05","modified_gmt":"2024-05-04T07:09:05","slug":"o-nas","status":"publish","type":"page","link":"https:\/\/filmlook.pl\/","title":{"rendered":"Home"},"content":{"rendered":"\n<figure class=\"wp-block-embed is-type-video is-provider-youtube wp-block-embed-youtube wp-embed-aspect-16-9 wp-has-aspect-ratio\"><div class=\"wp-block-embed__wrapper\">\n<iframe loading=\"lazy\" title=\"Ewa &amp; Tomek\" width=\"525\" height=\"295\" src=\"https:\/\/www.youtube.com\/embed\/d52vJBM2S_c?feature=oembed\" frameborder=\"0\" allow=\"accelerometer; autoplay; clipboard-write; encrypted-media; gyroscope; picture-in-picture; web-share\" referrerpolicy=\"strict-origin-when-cross-origin\" allowfullscreen><\/iframe>\n<\/div><\/figure>\n\n\n\n<p>Witajcie na stronie FilmLook &#8211; Twoim niezawodnym partnerze w tworzeniu film\u00f3w \u015blubnych, kt\u00f3ry oddaje pi\u0119kno i emocje tego wyj\u0105tkowego dnia w najlepszy mo\u017cliwy spos\u00f3b.<\/p>\n\n\n\n<figure class=\"wp-block-image size-large\"><img loading=\"lazy\" decoding=\"async\" width=\"1200\" height=\"675\" src=\"http:\/\/filmlook.pl\/wp-content\/uploads\/2023\/08\/12037701_10207622360579374_437779686_o-edited.jpg\" alt=\"\" class=\"wp-image-167\" srcset=\"https:\/\/filmlook.pl\/wp-content\/uploads\/2023\/08\/12037701_10207622360579374_437779686_o-edited.jpg 1200w, https:\/\/filmlook.pl\/wp-content\/uploads\/2023\/08\/12037701_10207622360579374_437779686_o-edited-300x169.jpg 300w, https:\/\/filmlook.pl\/wp-content\/uploads\/2023\/08\/12037701_10207622360579374_437779686_o-edited-1024x576.jpg 1024w, https:\/\/filmlook.pl\/wp-content\/uploads\/2023\/08\/12037701_10207622360579374_437779686_o-edited-768x432.jpg 768w\" sizes=\"auto, (max-width: 1200px) 100vw, 1200px\" \/><\/figure>\n\n\n\n<p>Co nas wyr\u00f3\u017cnia? Przede wszystkim dba\u0142o\u015b\u0107 o detale i artystyczne podej\u015bcie do ka\u017cdej produkcji. Nasze filmy nie s\u0105 tylko zapisem wydarze\u0144 \u2013 to opowie\u015b\u0107 o Waszej mi\u0142o\u015bci, zanurzona w pi\u0119knych kadrach i d\u017awi\u0119kach.<\/p>\n\n\n\n<figure class=\"wp-block-embed is-type-video is-provider-youtube wp-block-embed-youtube wp-embed-aspect-16-9 wp-has-aspect-ratio\"><div class=\"wp-block-embed__wrapper\">\n<iframe loading=\"lazy\" title=\"Aneta &amp; Nick\" width=\"525\" height=\"295\" src=\"https:\/\/www.youtube.com\/embed\/HidApbGJE2w?feature=oembed\" frameborder=\"0\" allow=\"accelerometer; autoplay; clipboard-write; encrypted-media; gyroscope; picture-in-picture; web-share\" referrerpolicy=\"strict-origin-when-cross-origin\" allowfullscreen><\/iframe>\n<\/div><\/figure>\n\n\n\n<p>Jeste\u015bmy zespo\u0142em z ponad 10-letnim do\u015bwiadczeniem w bran\u017cy, a nasze portfolio zawiera ponad 500 zrealizowanych film\u00f3w \u015blubnych. To nie tylko nasza praca, ale tak\u017ce nasza pasja, kt\u00f3r\u0105 wk\u0142adamy w ka\u017cdy projekt.<\/p>\n\n\n\n<figure class=\"wp-block-image size-large\"><img loading=\"lazy\" decoding=\"async\" width=\"2000\" height=\"1126\" src=\"http:\/\/filmlook.pl\/wp-content\/uploads\/2023\/08\/4F0A8283-edited.jpg\" alt=\"\" class=\"wp-image-176\" srcset=\"https:\/\/filmlook.pl\/wp-content\/uploads\/2023\/08\/4F0A8283-edited.jpg 2000w, https:\/\/filmlook.pl\/wp-content\/uploads\/2023\/08\/4F0A8283-edited-300x169.jpg 300w, https:\/\/filmlook.pl\/wp-content\/uploads\/2023\/08\/4F0A8283-edited-1024x577.jpg 1024w, https:\/\/filmlook.pl\/wp-content\/uploads\/2023\/08\/4F0A8283-edited-768x432.jpg 768w, https:\/\/filmlook.pl\/wp-content\/uploads\/2023\/08\/4F0A8283-edited-1536x865.jpg 1536w\" sizes=\"auto, (max-width: 2000px) 100vw, 2000px\" \/><\/figure>\n\n\n\n<p>Dlaczego zawsze pracujemy w dwuosobowym zespole operator\u00f3w? To kluczowy element naszej jako\u015bci. Dwa uchwycone punkty widzenia pozwalaj\u0105 nam uchwyci\u0107 ka\u017cdy szczeg\u00f3\u0142, ka\u017cd\u0105 reakcj\u0119, a tak\u017ce te chwile, kt\u00f3re mog\u0142yby umkn\u0105\u0107 przy pracy jednego operatora. <\/p>\n\n\n\n<figure class=\"wp-block-embed is-type-video is-provider-youtube wp-block-embed-youtube wp-embed-aspect-16-9 wp-has-aspect-ratio\"><div class=\"wp-block-embed__wrapper\">\n<iframe loading=\"lazy\" title=\"Supergirls - Karmen &amp; Sara\" width=\"525\" height=\"295\" src=\"https:\/\/www.youtube.com\/embed\/KAyHxkCq06M?feature=oembed\" frameborder=\"0\" allow=\"accelerometer; autoplay; clipboard-write; encrypted-media; gyroscope; picture-in-picture; web-share\" referrerpolicy=\"strict-origin-when-cross-origin\" allowfullscreen><\/iframe>\n<\/div><\/figure>\n\n\n\n<p>To gwarancja, \u017ce \u017caden wa\u017cny moment nie zostanie pomini\u0119ty, a ca\u0142a historia dnia \u015blubu zostanie oddana w kompletny i emocjonalny spos\u00f3b.<\/p>\n\n\n\n<figure class=\"wp-block-image size-large\"><img loading=\"lazy\" decoding=\"async\" width=\"1024\" height=\"576\" src=\"http:\/\/filmlook.pl\/wp-content\/uploads\/2023\/08\/received_1487975941259853-1024x576.jpeg\" alt=\"\" class=\"wp-image-169\" srcset=\"https:\/\/filmlook.pl\/wp-content\/uploads\/2023\/08\/received_1487975941259853-1024x576.jpeg 1024w, https:\/\/filmlook.pl\/wp-content\/uploads\/2023\/08\/received_1487975941259853-300x169.jpeg 300w, https:\/\/filmlook.pl\/wp-content\/uploads\/2023\/08\/received_1487975941259853-768x432.jpeg 768w, https:\/\/filmlook.pl\/wp-content\/uploads\/2023\/08\/received_1487975941259853-1536x863.jpeg 1536w, https:\/\/filmlook.pl\/wp-content\/uploads\/2023\/08\/received_1487975941259853.jpeg 2048w\" sizes=\"auto, (max-width: 1024px) 100vw, 1024px\" \/><\/figure>\n\n\n\n<p>Nieustannie inwestujemy w nowoczesny sprz\u0119t i technologie, aby zapewni\u0107 najwy\u017csz\u0105 jako\u015b\u0107 obrazu i d\u017awi\u0119ku. Nasz zesp\u00f3\u0142 z pasj\u0105 \u015bledzi najnowsze trendy w bran\u017cy filmowej, dostosowuj\u0105c je do indywidualnych potrzeb ka\u017cdej pary.<\/p>\n\n\n\n<figure class=\"wp-block-embed is-type-video is-provider-youtube wp-block-embed-youtube wp-embed-aspect-16-9 wp-has-aspect-ratio\"><div class=\"wp-block-embed__wrapper\">\n<iframe loading=\"lazy\" title=\"Aneta &amp; Alan\" width=\"525\" height=\"295\" src=\"https:\/\/www.youtube.com\/embed\/Dxg2UcEZCdo?feature=oembed\" frameborder=\"0\" allow=\"accelerometer; autoplay; clipboard-write; encrypted-media; gyroscope; picture-in-picture; web-share\" referrerpolicy=\"strict-origin-when-cross-origin\" allowfullscreen><\/iframe>\n<\/div><\/figure>\n\n\n\n<p>Wsp\u00f3\u0142praca z nami to nie tylko profesjonalne podej\u015bcie, ale tak\u017ce przyjacielska atmosfera. Rozumiemy, jak wa\u017cne jest, aby\u015bcie czuli si\u0119 komfortowo i swobodnie przed kamer\u0105. Nasza obecno\u015b\u0107 b\u0119dzie dyskretna, a my zatrzymamy te niepowtarzalne emocje na zawsze.<\/p>\n\n\n\n<figure class=\"wp-block-embed is-type-video is-provider-youtube wp-block-embed-youtube wp-embed-aspect-16-9 wp-has-aspect-ratio\"><div class=\"wp-block-embed__wrapper\">\n<iframe loading=\"lazy\" title=\"Patrycja i Micha\u0142\" width=\"525\" height=\"295\" src=\"https:\/\/www.youtube.com\/embed\/04irNPgONL4?feature=oembed\" frameborder=\"0\" allow=\"accelerometer; autoplay; clipboard-write; encrypted-media; gyroscope; picture-in-picture; web-share\" referrerpolicy=\"strict-origin-when-cross-origin\" allowfullscreen><\/iframe>\n<\/div><\/figure>\n\n\n\n<p>Je\u015bli poszukujecie filmu \u015blubnego, kt\u00f3ry przekroczy Wasze oczekiwania, zach\u0119camy do kontaktu z nami. Razem stworzymy film, kt\u00f3ry b\u0119dzie nie tylko pi\u0119knym wspomnieniem, ale tak\u017ce prawdziw\u0105 histori\u0105 Waszej mi\u0142o\u015bci. FilmLook &#8211; bo Wasza historia zas\u0142uguje na najlepsz\u0105 opraw\u0119.<\/p>\n\n\n\n<figure class=\"wp-block-image size-large\"><img loading=\"lazy\" decoding=\"async\" width=\"2048\" height=\"1151\" src=\"http:\/\/filmlook.pl\/wp-content\/uploads\/2023\/08\/received_1506596846064429-edited.jpeg\" alt=\"\" class=\"wp-image-177\" srcset=\"https:\/\/filmlook.pl\/wp-content\/uploads\/2023\/08\/received_1506596846064429-edited.jpeg 2048w, https:\/\/filmlook.pl\/wp-content\/uploads\/2023\/08\/received_1506596846064429-edited-300x169.jpeg 300w, https:\/\/filmlook.pl\/wp-content\/uploads\/2023\/08\/received_1506596846064429-edited-1024x576.jpeg 1024w, https:\/\/filmlook.pl\/wp-content\/uploads\/2023\/08\/received_1506596846064429-edited-768x432.jpeg 768w, https:\/\/filmlook.pl\/wp-content\/uploads\/2023\/08\/received_1506596846064429-edited-1536x863.jpeg 1536w\" sizes=\"auto, (max-width: 2048px) 100vw, 2048px\" \/><\/figure>\n","protected":false},"excerpt":{"rendered":"<p>Witajcie na stronie FilmLook &#8211; Twoim niezawodnym partnerze w tworzeniu film\u00f3w \u015blubnych, kt\u00f3ry oddaje pi\u0119kno i emocje tego wyj\u0105tkowego dnia w najlepszy mo\u017cliwy spos\u00f3b. Co nas wyr\u00f3\u017cnia? Przede wszystkim dba\u0142o\u015b\u0107 o detale i artystyczne podej\u015bcie do ka\u017cdej produkcji. Nasze filmy nie s\u0105 tylko zapisem wydarze\u0144 \u2013 to opowie\u015b\u0107 o Waszej mi\u0142o\u015bci, zanurzona w pi\u0119knych kadrach [&hellip;]<\/p>\n","protected":false},"author":1,"featured_media":0,"parent":0,"menu_order":0,"comment_status":"closed","ping_status":"closed","template":"","meta":{"footnotes":""},"class_list":["post-10","page","type-page","status-publish","hentry"],"yoast_head":"<!-- This site is optimized with the Yoast SEO plugin v21.1 - https:\/\/yoast.com\/wordpress\/plugins\/seo\/ -->\n<title>Home - FilmLOOK<\/title>\n<meta name=\"robots\" content=\"index, follow, max-snippet:-1, max-image-preview:large, max-video-preview:-1\" \/>\n<link rel=\"canonical\" href=\"http:\/\/filmlook.pl\/\" \/>\n<meta property=\"og:locale\" content=\"pl_PL\" \/>\n<meta property=\"og:type\" content=\"article\" \/>\n<meta property=\"og:title\" content=\"Home - FilmLOOK\" \/>\n<meta property=\"og:description\" content=\"Witajcie na stronie FilmLook &#8211; Twoim niezawodnym partnerze w tworzeniu film\u00f3w \u015blubnych, kt\u00f3ry oddaje pi\u0119kno i emocje tego wyj\u0105tkowego dnia w najlepszy mo\u017cliwy spos\u00f3b. Co nas wyr\u00f3\u017cnia? Przede wszystkim dba\u0142o\u015b\u0107 o detale i artystyczne podej\u015bcie do ka\u017cdej produkcji. Nasze filmy nie s\u0105 tylko zapisem wydarze\u0144 \u2013 to opowie\u015b\u0107 o Waszej mi\u0142o\u015bci, zanurzona w pi\u0119knych kadrach [&hellip;]\" \/>\n<meta property=\"og:url\" content=\"http:\/\/filmlook.pl\/\" \/>\n<meta property=\"og:site_name\" content=\"FilmLOOK\" \/>\n<meta property=\"article:modified_time\" content=\"2024-05-04T07:09:05+00:00\" \/>\n<meta property=\"og:image\" content=\"http:\/\/filmlook.pl\/wp-content\/uploads\/2023\/08\/12037701_10207622360579374_437779686_o-edited.jpg\" \/>\n<meta name=\"twitter:card\" content=\"summary_large_image\" \/>\n<meta name=\"twitter:label1\" content=\"Szacowany czas czytania\" \/>\n\t<meta name=\"twitter:data1\" content=\"3 minuty\" \/>\n<script type=\"application\/ld+json\" class=\"yoast-schema-graph\">{\"@context\":\"https:\/\/schema.org\",\"@graph\":[{\"@type\":\"WebPage\",\"@id\":\"http:\/\/filmlook.pl\/\",\"url\":\"http:\/\/filmlook.pl\/\",\"name\":\"Home - FilmLOOK\",\"isPartOf\":{\"@id\":\"http:\/\/filmlook.pl\/#website\"},\"datePublished\":\"2023-06-27T06:35:00+00:00\",\"dateModified\":\"2024-05-04T07:09:05+00:00\",\"breadcrumb\":{\"@id\":\"http:\/\/filmlook.pl\/#breadcrumb\"},\"inLanguage\":\"pl-PL\",\"potentialAction\":[{\"@type\":\"ReadAction\",\"target\":[\"http:\/\/filmlook.pl\/\"]}]},{\"@type\":\"BreadcrumbList\",\"@id\":\"http:\/\/filmlook.pl\/#breadcrumb\",\"itemListElement\":[{\"@type\":\"ListItem\",\"position\":1,\"name\":\"Home\",\"item\":\"http:\/\/filmlook.pl\/\"},{\"@type\":\"ListItem\",\"position\":2,\"name\":\"Home\"}]},{\"@type\":\"WebSite\",\"@id\":\"http:\/\/filmlook.pl\/#website\",\"url\":\"http:\/\/filmlook.pl\/\",\"name\":\"FilmLOOK\",\"description\":\"Nowy wymiar filmu\",\"potentialAction\":[{\"@type\":\"SearchAction\",\"target\":{\"@type\":\"EntryPoint\",\"urlTemplate\":\"http:\/\/filmlook.pl\/?s={search_term_string}\"},\"query-input\":\"required name=search_term_string\"}],\"inLanguage\":\"pl-PL\"}]}<\/script>\n<!-- \/ Yoast SEO plugin. -->","yoast_head_json":{"title":"Home - FilmLOOK","robots":{"index":"index","follow":"follow","max-snippet":"max-snippet:-1","max-image-preview":"max-image-preview:large","max-video-preview":"max-video-preview:-1"},"canonical":"http:\/\/filmlook.pl\/","og_locale":"pl_PL","og_type":"article","og_title":"Home - FilmLOOK","og_description":"Witajcie na stronie FilmLook &#8211; Twoim niezawodnym partnerze w tworzeniu film\u00f3w \u015blubnych, kt\u00f3ry oddaje pi\u0119kno i emocje tego wyj\u0105tkowego dnia w najlepszy mo\u017cliwy spos\u00f3b. Co nas wyr\u00f3\u017cnia? Przede wszystkim dba\u0142o\u015b\u0107 o detale i artystyczne podej\u015bcie do ka\u017cdej produkcji. Nasze filmy nie s\u0105 tylko zapisem wydarze\u0144 \u2013 to opowie\u015b\u0107 o Waszej mi\u0142o\u015bci, zanurzona w pi\u0119knych kadrach [&hellip;]","og_url":"http:\/\/filmlook.pl\/","og_site_name":"FilmLOOK","article_modified_time":"2024-05-04T07:09:05+00:00","og_image":[{"url":"http:\/\/filmlook.pl\/wp-content\/uploads\/2023\/08\/12037701_10207622360579374_437779686_o-edited.jpg"}],"twitter_card":"summary_large_image","twitter_misc":{"Szacowany czas czytania":"3 minuty"},"schema":{"@context":"https:\/\/schema.org","@graph":[{"@type":"WebPage","@id":"http:\/\/filmlook.pl\/","url":"http:\/\/filmlook.pl\/","name":"Home - FilmLOOK","isPartOf":{"@id":"http:\/\/filmlook.pl\/#website"},"datePublished":"2023-06-27T06:35:00+00:00","dateModified":"2024-05-04T07:09:05+00:00","breadcrumb":{"@id":"http:\/\/filmlook.pl\/#breadcrumb"},"inLanguage":"pl-PL","potentialAction":[{"@type":"ReadAction","target":["http:\/\/filmlook.pl\/"]}]},{"@type":"BreadcrumbList","@id":"http:\/\/filmlook.pl\/#breadcrumb","itemListElement":[{"@type":"ListItem","position":1,"name":"Home","item":"http:\/\/filmlook.pl\/"},{"@type":"ListItem","position":2,"name":"Home"}]},{"@type":"WebSite","@id":"http:\/\/filmlook.pl\/#website","url":"http:\/\/filmlook.pl\/","name":"FilmLOOK","description":"Nowy wymiar filmu","potentialAction":[{"@type":"SearchAction","target":{"@type":"EntryPoint","urlTemplate":"http:\/\/filmlook.pl\/?s={search_term_string}"},"query-input":"required name=search_term_string"}],"inLanguage":"pl-PL"}]}},"_links":{"self":[{"href":"https:\/\/filmlook.pl\/index.php?rest_route=\/wp\/v2\/pages\/10","targetHints":{"allow":["GET"]}}],"collection":[{"href":"https:\/\/filmlook.pl\/index.php?rest_route=\/wp\/v2\/pages"}],"about":[{"href":"https:\/\/filmlook.pl\/index.php?rest_route=\/wp\/v2\/types\/page"}],"author":[{"embeddable":true,"href":"https:\/\/filmlook.pl\/index.php?rest_route=\/wp\/v2\/users\/1"}],"replies":[{"embeddable":true,"href":"https:\/\/filmlook.pl\/index.php?rest_route=%2Fwp%2Fv2%2Fcomments&post=10"}],"version-history":[{"count":13,"href":"https:\/\/filmlook.pl\/index.php?rest_route=\/wp\/v2\/pages\/10\/revisions"}],"predecessor-version":[{"id":229,"href":"https:\/\/filmlook.pl\/index.php?rest_route=\/wp\/v2\/pages\/10\/revisions\/229"}],"wp:attachment":[{"href":"https:\/\/filmlook.pl\/index.php?rest_route=%2Fwp%2Fv2%2Fmedia&parent=10"}],"curies":[{"name":"wp","href":"https:\/\/api.w.org\/{rel}","templated":true}]}}